{"id":17,"date":"2023-03-18T18:03:13","date_gmt":"2023-03-18T17:03:13","guid":{"rendered":"http:\/\/scmanissieux.com\/?page_id=17"},"modified":"2023-06-25T19:04:34","modified_gmt":"2023-06-25T17:04:34","slug":"paiement","status":"publish","type":"page","link":"https:\/\/scmanissieux.com\/index.php\/paiement\/","title":{"rendered":"Paiement"},"content":{"rendered":"\t\t<div data-elementor-type=\"wp-page\" data-elementor-id=\"17\" class=\"elementor elementor-17\">\n\t\t\t\t\t\t<section class=\"elementor-section elementor-top-section elementor-element elementor-element-3addfefb elementor-section-boxed elementor-section-height-default elementor-section-height-default\" data-id=\"3addfefb\" data-element_type=\"section\" data-e-type=\"section\">\n\t\t\t\t\t\t<div class=\"elementor-container elementor-column-gap-default\">\n\t\t\t\t\t<div class=\"elementor-column elementor-col-100 elementor-top-column elementor-element elementor-element-30bf5116\" data-id=\"30bf5116\" data-element_type=\"column\" data-e-type=\"column\" data-settings=\"{&quot;background_background&quot;:&quot;classic&quot;}\">\n\t\t\t<div class=\"elementor-widget-wrap elementor-element-populated\">\n\t\t\t\t\t\t<div class=\"elementor-element elementor-element-eaedec0 elementor-widget elementor-widget-text-editor\" data-id=\"eaedec0\" data-element_type=\"widget\" data-e-type=\"widget\" data-widget_type=\"text-editor.default\">\n\t\t\t\t<div class=\"elementor-widget-container\">\n\t\t\t\t\t\t\t\t\t<p class=\"font_9 wixui-rich-text__text\"><strong><span class=\"wixui-rich-text__text\">Pour faciliter le traitement de votre commande, veuillez pr\u00e9ciser lors du paiement le nom de l&rsquo;article, la taille et la quantit\u00e9 souhait\u00e9e ainsi que vos coordonn\u00e9es compl\u00e8tes.<\/span><\/strong><\/p>\n<p class=\"font_9 wixui-rich-text__text\"><strong><span style=\"font-style: inherit; background-color: var( --e-global-color-astglobalcolor5 ); color: var(--ast-global-color-3);\">Apr\u00e8s la r\u00e9ception de votre paiement, nous vous recontacterons dans les plus brefs d\u00e9lais\u00a0afin de d\u00e9finir les modalit\u00e9s et les d\u00e9lais de r\u00e9ception de vos articles.\u00a0Merci de votre confiance !<\/span><\/strong><\/p>\t\t\t\t\t\t\t\t<\/div>\n\t\t\t\t<\/div>\n\t\t\t\t<section class=\"elementor-section elementor-inner-section elementor-element elementor-element-5c31dd8 elementor-section-boxed elementor-section-height-default elementor-section-height-default\" data-id=\"5c31dd8\" data-element_type=\"section\" data-e-type=\"section\">\n\t\t\t\t\t\t<div class=\"elementor-container elementor-column-gap-default\">\n\t\t\t\t\t<div class=\"elementor-column elementor-col-50 elementor-inner-column elementor-element elementor-element-22f447b\" data-id=\"22f447b\" data-element_type=\"column\" data-e-type=\"column\">\n\t\t\t<div class=\"elementor-widget-wrap elementor-element-populated\">\n\t\t\t\t\t\t<div class=\"elementor-element elementor-element-21c5cf9 elementor-widget-divider--view-line elementor-widget elementor-widget-divider\" data-id=\"21c5cf9\" data-element_type=\"widget\" data-e-type=\"widget\" data-widget_type=\"divider.default\">\n\t\t\t\t<div class=\"elementor-widget-container\">\n\t\t\t\t\t\t\t<div class=\"elementor-divider\">\n\t\t\t<span class=\"elementor-divider-separator\">\n\t\t\t\t\t\t<\/span>\n\t\t<\/div>\n\t\t\t\t\t\t<\/div>\n\t\t\t\t<\/div>\n\t\t\t\t<div class=\"elementor-element elementor-element-b21fce4 elementor-widget elementor-widget-heading\" data-id=\"b21fce4\" data-element_type=\"widget\" data-e-type=\"widget\" data-widget_type=\"heading.default\">\n\t\t\t\t<div class=\"elementor-widget-container\">\n\t\t\t\t\t<h3 class=\"elementor-heading-title elementor-size-default\">Paiement par carte bancaire<\/h3>\t\t\t\t<\/div>\n\t\t\t\t<\/div>\n\t\t\t\t<div class=\"elementor-element elementor-element-b3841cb elementor-widget elementor-widget-text-editor\" data-id=\"b3841cb\" data-element_type=\"widget\" data-e-type=\"widget\" data-widget_type=\"text-editor.default\">\n\t\t\t\t<div class=\"elementor-widget-container\">\n\t\t\t\t\t\t\t\t\t<p>Rapide et s\u00e9curis\u00e9 via\u00a0<span class=\"wixui-rich-text__text\"><a class=\"wixui-rich-text__text\" href=\"https:\/\/www.helloasso.com\/qui-sommes-nous\" target=\"_blank\" rel=\"noopener\">HelloAsso<\/a><\/span><\/p>\t\t\t\t\t\t\t\t<\/div>\n\t\t\t\t<\/div>\n\t\t\t\t<div class=\"elementor-element elementor-element-43c3cbbb elementor-widget elementor-widget-text-editor\" data-id=\"43c3cbbb\" data-element_type=\"widget\" data-e-type=\"widget\" data-widget_type=\"text-editor.default\">\n\t\t\t\t<div class=\"elementor-widget-container\">\n\t\t\t\t\t\t\t\t\t\n<p><\/p>\n\n\n\n<p><\/p>\n\n\n\n<p><\/p>\n\n\n\n<p><\/p>\n\n\n\n<div class=\"wp-block-brad-border-box\">\t\t\t<iframe\n\t\t\t\tid=\"idIframe\"\n\t\t\t\tsrc=\"https:\/\/www.helloasso.com\/associations\/sc-manissieux\/paiements\/maillot-manches-courtes-2020-test\/widget\"\n\t\t\t\theight=750px\"\t\t\t\twidth=100%\"\t\t\t\tframeborder=\"0\"\n\t\t\t\tloading=\"lazy\"\n\t\t\t\tallowtransparency=\"true\"\n\t\t\t\tonload=\"resizeIframeMessage()\"><\/iframe>\n<\/div>\n\n\n\n<p><\/p>\n\t\t\t\t\t\t\t\t<\/div>\n\t\t\t\t<\/div>\n\t\t\t\t\t<\/div>\n\t\t<\/div>\n\t\t\t\t<div class=\"elementor-column elementor-col-50 elementor-inner-column elementor-element elementor-element-2e70655\" data-id=\"2e70655\" data-element_type=\"column\" data-e-type=\"column\">\n\t\t\t<div class=\"elementor-widget-wrap elementor-element-populated\">\n\t\t\t\t\t\t<div class=\"elementor-element elementor-element-3784993 elementor-widget-divider--view-line elementor-widget elementor-widget-divider\" data-id=\"3784993\" data-element_type=\"widget\" data-e-type=\"widget\" data-widget_type=\"divider.default\">\n\t\t\t\t<div class=\"elementor-widget-container\">\n\t\t\t\t\t\t\t<div class=\"elementor-divider\">\n\t\t\t<span class=\"elementor-divider-separator\">\n\t\t\t\t\t\t<\/span>\n\t\t<\/div>\n\t\t\t\t\t\t<\/div>\n\t\t\t\t<\/div>\n\t\t\t\t<div class=\"elementor-element elementor-element-5d6ef4b elementor-widget elementor-widget-heading\" data-id=\"5d6ef4b\" data-element_type=\"widget\" data-e-type=\"widget\" data-widget_type=\"heading.default\">\n\t\t\t\t<div class=\"elementor-widget-container\">\n\t\t\t\t\t<h3 class=\"elementor-heading-title elementor-size-default\">Paiement par ch\u00e8que<\/h3>\t\t\t\t<\/div>\n\t\t\t\t<\/div>\n\t\t\t\t<div class=\"elementor-element elementor-element-f06f820 elementor-widget elementor-widget-text-editor\" data-id=\"f06f820\" data-element_type=\"widget\" data-e-type=\"widget\" data-widget_type=\"text-editor.default\">\n\t\t\t\t<div class=\"elementor-widget-container\">\n\t\t\t\t\t\t\t\t\t<p class=\"font_7 wixui-rich-text__text\"><span class=\"wixui-rich-text__text\" style=\"\">Ordre du ch\u00e8que :&nbsp;<\/span><span class=\"wixui-rich-text__text\" style=\"font-weight: bold;\">SC Manissieux<\/span><\/p>\n<p class=\"font_7 wixui-rich-text__text\"><strong><span class=\"wixui-rich-text__text\"><span class=\"wixGuard wixui-rich-text__text\"><\/span><\/span><span class=\"wixui-rich-text__text\">_<\/span><\/strong><\/p>\n<p class=\"font_7 wixui-rich-text__text\"><span class=\"wixui-rich-text__text\" style=\"\">\u00c0 adresser par<b> voie postale :&nbsp;<\/b><\/span><\/p>\n<p class=\"font_7 wixui-rich-text__text\"><span class=\"wixui-rich-text__text\" style=\"\">Patrick Esposito<\/span><\/p>\n<p class=\"font_7 wixui-rich-text__text\"><span class=\"wixui-rich-text__text\">2 impasse du pav\u00e9 &#8211; bat B<\/span><\/p>\n<p class=\"font_7 wixui-rich-text__text\"><span class=\"wixui-rich-text__text\" style=\"\">69780 Mions<\/span><\/p>\n<p class=\"font_7 wixui-rich-text__text\"><strong><span class=\"wixui-rich-text__text\">ou<\/span><\/strong><\/p>\n<p class=\"font_7 wixui-rich-text__text\"><span class=\"wixui-rich-text__text\" style=\"\">\u00c0 remettre&nbsp;en <b>main propre \u00e0 Patrick.<\/b><\/span><\/p>\t\t\t\t\t\t\t\t<\/div>\n\t\t\t\t<\/div>\n\t\t\t\t<div class=\"elementor-element elementor-element-8fc7c46 elementor-widget-divider--view-line elementor-widget elementor-widget-divider\" data-id=\"8fc7c46\" data-element_type=\"widget\" data-e-type=\"widget\" data-widget_type=\"divider.default\">\n\t\t\t\t<div class=\"elementor-widget-container\">\n\t\t\t\t\t\t\t<div class=\"elementor-divider\">\n\t\t\t<span class=\"elementor-divider-separator\">\n\t\t\t\t\t\t<\/span>\n\t\t<\/div>\n\t\t\t\t\t\t<\/div>\n\t\t\t\t<\/div>\n\t\t\t\t<div class=\"elementor-element elementor-element-54cc90b elementor-widget elementor-widget-heading\" data-id=\"54cc90b\" data-element_type=\"widget\" data-e-type=\"widget\" data-widget_type=\"heading.default\">\n\t\t\t\t<div class=\"elementor-widget-container\">\n\t\t\t\t\t<h3 class=\"elementor-heading-title elementor-size-default\">Paiement par virement<\/h3>\t\t\t\t<\/div>\n\t\t\t\t<\/div>\n\t\t\t\t<div class=\"elementor-element elementor-element-5dba003 elementor-widget elementor-widget-text-editor\" data-id=\"5dba003\" data-element_type=\"widget\" data-e-type=\"widget\" data-widget_type=\"text-editor.default\">\n\t\t\t\t<div class=\"elementor-widget-container\">\n\t\t\t\t\t\t\t\t\t<div id=\"comp-kcx8f5d6\" class=\"IA2mJx comp-kcx8f5d6\">\n<div class=\"\" data-mesh-id=\"comp-kcx8f5d6inlineContent\" data-testid=\"inline-content\">\n<div data-mesh-id=\"comp-kcx8f5d6inlineContent-gridContainer\" data-testid=\"mesh-container-content\">\u00a0<\/div>\n<\/div>\n<\/div>\n<div id=\"comp-kcx8gvfy\" class=\"BaOVQ8 tz5f0K comp-kcx8gvfy wixui-rich-text\" data-testid=\"richTextElement\">\n<p class=\"font_7 wixui-rich-text__text\"><span class=\"wixui-rich-text__text\"><strong>IBAN<\/strong> Sporting Cyclo MANISSIEUX :\u00a0<\/span><\/p>\n<p class=\"font_7 wixui-rich-text__text\"><span class=\"wixui-rich-text__text\">FR54 3000 2084 2400 0007 0002 P38 <\/span><span class=\"wixui-rich-text__text\">CRLYFRPP<\/span><\/p>\n<\/div>\t\t\t\t\t\t\t\t<\/div>\n\t\t\t\t<\/div>\n\t\t\t\t\t<\/div>\n\t\t<\/div>\n\t\t\t\t\t<\/div>\n\t\t<\/section>\n\t\t\t\t<div class=\"elementor-element elementor-element-9ac4604 elementor-widget elementor-widget-text-editor\" data-id=\"9ac4604\" data-element_type=\"widget\" data-e-type=\"widget\" data-widget_type=\"text-editor.default\">\n\t\t\t\t<div class=\"elementor-widget-container\">\n\t\t\t\t\t\t\t\t\t<p class=\"font_0 wixui-rich-text__text\" style=\"text-align: center;\"><span class=\"wixui-rich-text__text\">En cas de probl\u00e8me lors du paiement ou toutes autres questions concernant votre commande :\u00a0<\/span><span class=\"wixui-rich-text__text\"><a class=\"wixui-rich-text__text\" href=\"http:\/\/scmanissieux.com\/index.php\/contact\/\" target=\"_self\" data-wplink-url-error=\"true\">Contactez-nous<\/a><\/span><\/p>\t\t\t\t\t\t\t\t<\/div>\n\t\t\t\t<\/div>\n\t\t\t\t\t<\/div>\n\t\t<\/div>\n\t\t\t\t\t<\/div>\n\t\t<\/section>\n\t\t\t\t<\/div>\n\t\t","protected":false},"excerpt":{"rendered":"<p>Pour faciliter le traitement de votre commande, veuillez pr\u00e9ciser lors du paiement le nom de l&rsquo;article, la taille et la quantit\u00e9 souhait\u00e9e ainsi que vos coordonn\u00e9es compl\u00e8tes. Apr\u00e8s la r\u00e9ception de votre paiement, nous vous recontacterons dans les plus brefs d\u00e9lais\u00a0afin de d\u00e9finir les modalit\u00e9s et les d\u00e9lais de r\u00e9ception de vos articles.\u00a0Merci de votre [&hellip;]<\/p>\n","protected":false},"author":1,"featured_media":0,"parent":0,"menu_order":0,"comment_status":"closed","ping_status":"closed","template":"","meta":{"om_disable_all_campaigns":false,"_monsterinsights_skip_tracking":false,"_monsterinsights_sitenote_active":false,"_monsterinsights_sitenote_note":"","_monsterinsights_sitenote_category":0,"_uf_show_specific_survey":0,"_uf_disable_surveys":false,"site-sidebar-layout":"no-sidebar","site-content-layout":"page-builder","ast-site-content-layout":"default","site-content-style":"default","site-sidebar-style":"default","ast-global-header-display":"","ast-banner-title-visibility":"","ast-main-header-display":"","ast-hfb-above-header-display":"","ast-hfb-below-header-display":"","ast-hfb-mobile-header-display":"","site-post-title":"disabled","ast-breadcrumbs-content":"","ast-featured-img":"disabled","footer-sml-layout":"","ast-disable-related-posts":"","theme-transparent-header-meta":"","adv-header-id-meta":"","stick-header-meta":"","header-above-stick-meta":"","header-main-stick-meta":"","header-below-stick-meta":"","astra-migrate-meta-layouts":"default","ast-page-background-enabled":"default","ast-page-background-meta":{"desktop":{"background-color":"","background-image":"","background-repeat":"repeat","background-position":"center center","background-size":"auto","background-attachment":"scroll","background-type":"","background-media":"","overlay-type":"","overlay-color":"","overlay-opacity":"","overlay-gradient":""},"tablet":{"background-color":"","background-image":"","background-repeat":"repeat","background-position":"center center","background-size":"auto","background-attachment":"scroll","background-type":"","background-media":"","overlay-type":"","overlay-color":"","overlay-opacity":"","overlay-gradient":""},"mobile":{"background-color":"","background-image":"","background-repeat":"repeat","background-position":"center center","background-size":"auto","background-attachment":"scroll","background-type":"","background-media":"","overlay-type":"","overlay-color":"","overlay-opacity":"","overlay-gradient":""}},"ast-content-background-meta":{"desktop":{"background-color":"var(--ast-global-color-5)","background-image":"","background-repeat":"repeat","background-position":"center center","background-size":"auto","background-attachment":"scroll","background-type":"","background-media":"","overlay-type":"","overlay-color":"","overlay-opacity":"","overlay-gradient":""},"tablet":{"background-color":"var(--ast-global-color-5)","background-image":"","background-repeat":"repeat","background-position":"center center","background-size":"auto","background-attachment":"scroll","background-type":"","background-media":"","overlay-type":"","overlay-color":"","overlay-opacity":"","overlay-gradient":""},"mobile":{"background-color":"var(--ast-global-color-5)","background-image":"","background-repeat":"repeat","background-position":"center center","background-size":"auto","background-attachment":"scroll","background-type":"","background-media":"","overlay-type":"","overlay-color":"","overlay-opacity":"","overlay-gradient":""}},"footnotes":""},"class_list":["post-17","page","type-page","status-publish","hentry"],"yoast_head":"<!-- This site is optimized with the Yoast SEO plugin v26.7 - https:\/\/yoast.com\/wordpress\/plugins\/seo\/ -->\n<title>Paiement - Sporting Cyclo Manissieux<\/title>\n<meta name=\"robots\" content=\"index, follow, max-snippet:-1, max-image-preview:large, max-video-preview:-1\" \/>\n<link rel=\"canonical\" href=\"https:\/\/scmanissieux.com\/index.php\/paiement\/\" \/>\n<meta property=\"og:locale\" content=\"fr_FR\" \/>\n<meta property=\"og:type\" content=\"article\" \/>\n<meta property=\"og:title\" content=\"Paiement - Sporting Cyclo Manissieux\" \/>\n<meta property=\"og:description\" content=\"Pour faciliter le traitement de votre commande, veuillez pr\u00e9ciser lors du paiement le nom de l&rsquo;article, la taille et la quantit\u00e9 souhait\u00e9e ainsi que vos coordonn\u00e9es compl\u00e8tes. Apr\u00e8s la r\u00e9ception de votre paiement, nous vous recontacterons dans les plus brefs d\u00e9lais\u00a0afin de d\u00e9finir les modalit\u00e9s et les d\u00e9lais de r\u00e9ception de vos articles.\u00a0Merci de votre [&hellip;]\" \/>\n<meta property=\"og:url\" content=\"https:\/\/scmanissieux.com\/index.php\/paiement\/\" \/>\n<meta property=\"og:site_name\" content=\"Sporting Cyclo Manissieux\" \/>\n<meta property=\"article:publisher\" content=\"https:\/\/www.facebook.com\/sc.manissieux.35\/?locale=fr_FR\" \/>\n<meta property=\"article:modified_time\" content=\"2023-06-25T17:04:34+00:00\" \/>\n<meta name=\"twitter:card\" content=\"summary_large_image\" \/>\n<meta name=\"twitter:label1\" content=\"Dur\u00e9e de lecture estim\u00e9e\" \/>\n\t<meta name=\"twitter:data1\" content=\"1 minute\" \/>\n<script type=\"application\/ld+json\" class=\"yoast-schema-graph\">{\"@context\":\"https:\/\/schema.org\",\"@graph\":[{\"@type\":\"WebPage\",\"@id\":\"https:\/\/scmanissieux.com\/index.php\/paiement\/\",\"url\":\"https:\/\/scmanissieux.com\/index.php\/paiement\/\",\"name\":\"Paiement - Sporting Cyclo Manissieux\",\"isPartOf\":{\"@id\":\"https:\/\/scmanissieux.com\/#website\"},\"datePublished\":\"2023-03-18T17:03:13+00:00\",\"dateModified\":\"2023-06-25T17:04:34+00:00\",\"breadcrumb\":{\"@id\":\"https:\/\/scmanissieux.com\/index.php\/paiement\/#breadcrumb\"},\"inLanguage\":\"fr-FR\",\"potentialAction\":[{\"@type\":\"ReadAction\",\"target\":[\"https:\/\/scmanissieux.com\/index.php\/paiement\/\"]}]},{\"@type\":\"BreadcrumbList\",\"@id\":\"https:\/\/scmanissieux.com\/index.php\/paiement\/#breadcrumb\",\"itemListElement\":[{\"@type\":\"ListItem\",\"position\":1,\"name\":\"Accueil\",\"item\":\"https:\/\/scmanissieux.com\/\"},{\"@type\":\"ListItem\",\"position\":2,\"name\":\"Paiement\"}]},{\"@type\":\"WebSite\",\"@id\":\"https:\/\/scmanissieux.com\/#website\",\"url\":\"https:\/\/scmanissieux.com\/\",\"name\":\"Sporting Cyclo Manissieux\",\"description\":\"Il est beau mon v\u00e9lo\",\"publisher\":{\"@id\":\"https:\/\/scmanissieux.com\/#organization\"},\"potentialAction\":[{\"@type\":\"SearchAction\",\"target\":{\"@type\":\"EntryPoint\",\"urlTemplate\":\"https:\/\/scmanissieux.com\/?s={search_term_string}\"},\"query-input\":{\"@type\":\"PropertyValueSpecification\",\"valueRequired\":true,\"valueName\":\"search_term_string\"}}],\"inLanguage\":\"fr-FR\"},{\"@type\":\"Organization\",\"@id\":\"https:\/\/scmanissieux.com\/#organization\",\"name\":\"Sporting Cyclo Manissieux\",\"url\":\"https:\/\/scmanissieux.com\/\",\"logo\":{\"@type\":\"ImageObject\",\"inLanguage\":\"fr-FR\",\"@id\":\"https:\/\/scmanissieux.com\/#\/schema\/logo\/image\/\",\"url\":\"https:\/\/scmanissieux.com\/wp-content\/uploads\/2023\/03\/cropped-logoSCManissieux2-1.webp\",\"contentUrl\":\"https:\/\/scmanissieux.com\/wp-content\/uploads\/2023\/03\/cropped-logoSCManissieux2-1.webp\",\"width\":142,\"height\":112,\"caption\":\"Sporting Cyclo Manissieux\"},\"image\":{\"@id\":\"https:\/\/scmanissieux.com\/#\/schema\/logo\/image\/\"},\"sameAs\":[\"https:\/\/www.facebook.com\/sc.manissieux.35\/?locale=fr_FR\",\"https:\/\/www.strava.com\/clubs\/sporting-cyclo-manissieux-76142?hl=fr-FR\"]}]}<\/script>\n<!-- \/ Yoast SEO plugin. -->","yoast_head_json":{"title":"Paiement - Sporting Cyclo Manissieux","robots":{"index":"index","follow":"follow","max-snippet":"max-snippet:-1","max-image-preview":"max-image-preview:large","max-video-preview":"max-video-preview:-1"},"canonical":"https:\/\/scmanissieux.com\/index.php\/paiement\/","og_locale":"fr_FR","og_type":"article","og_title":"Paiement - Sporting Cyclo Manissieux","og_description":"Pour faciliter le traitement de votre commande, veuillez pr\u00e9ciser lors du paiement le nom de l&rsquo;article, la taille et la quantit\u00e9 souhait\u00e9e ainsi que vos coordonn\u00e9es compl\u00e8tes. Apr\u00e8s la r\u00e9ception de votre paiement, nous vous recontacterons dans les plus brefs d\u00e9lais\u00a0afin de d\u00e9finir les modalit\u00e9s et les d\u00e9lais de r\u00e9ception de vos articles.\u00a0Merci de votre [&hellip;]","og_url":"https:\/\/scmanissieux.com\/index.php\/paiement\/","og_site_name":"Sporting Cyclo Manissieux","article_publisher":"https:\/\/www.facebook.com\/sc.manissieux.35\/?locale=fr_FR","article_modified_time":"2023-06-25T17:04:34+00:00","twitter_card":"summary_large_image","twitter_misc":{"Dur\u00e9e de lecture estim\u00e9e":"1 minute"},"schema":{"@context":"https:\/\/schema.org","@graph":[{"@type":"WebPage","@id":"https:\/\/scmanissieux.com\/index.php\/paiement\/","url":"https:\/\/scmanissieux.com\/index.php\/paiement\/","name":"Paiement - Sporting Cyclo Manissieux","isPartOf":{"@id":"https:\/\/scmanissieux.com\/#website"},"datePublished":"2023-03-18T17:03:13+00:00","dateModified":"2023-06-25T17:04:34+00:00","breadcrumb":{"@id":"https:\/\/scmanissieux.com\/index.php\/paiement\/#breadcrumb"},"inLanguage":"fr-FR","potentialAction":[{"@type":"ReadAction","target":["https:\/\/scmanissieux.com\/index.php\/paiement\/"]}]},{"@type":"BreadcrumbList","@id":"https:\/\/scmanissieux.com\/index.php\/paiement\/#breadcrumb","itemListElement":[{"@type":"ListItem","position":1,"name":"Accueil","item":"https:\/\/scmanissieux.com\/"},{"@type":"ListItem","position":2,"name":"Paiement"}]},{"@type":"WebSite","@id":"https:\/\/scmanissieux.com\/#website","url":"https:\/\/scmanissieux.com\/","name":"Sporting Cyclo Manissieux","description":"Il est beau mon v\u00e9lo","publisher":{"@id":"https:\/\/scmanissieux.com\/#organization"},"potentialAction":[{"@type":"SearchAction","target":{"@type":"EntryPoint","urlTemplate":"https:\/\/scmanissieux.com\/?s={search_term_string}"},"query-input":{"@type":"PropertyValueSpecification","valueRequired":true,"valueName":"search_term_string"}}],"inLanguage":"fr-FR"},{"@type":"Organization","@id":"https:\/\/scmanissieux.com\/#organization","name":"Sporting Cyclo Manissieux","url":"https:\/\/scmanissieux.com\/","logo":{"@type":"ImageObject","inLanguage":"fr-FR","@id":"https:\/\/scmanissieux.com\/#\/schema\/logo\/image\/","url":"https:\/\/scmanissieux.com\/wp-content\/uploads\/2023\/03\/cropped-logoSCManissieux2-1.webp","contentUrl":"https:\/\/scmanissieux.com\/wp-content\/uploads\/2023\/03\/cropped-logoSCManissieux2-1.webp","width":142,"height":112,"caption":"Sporting Cyclo Manissieux"},"image":{"@id":"https:\/\/scmanissieux.com\/#\/schema\/logo\/image\/"},"sameAs":["https:\/\/www.facebook.com\/sc.manissieux.35\/?locale=fr_FR","https:\/\/www.strava.com\/clubs\/sporting-cyclo-manissieux-76142?hl=fr-FR"]}]}},"_links":{"self":[{"href":"https:\/\/scmanissieux.com\/index.php\/wp-json\/wp\/v2\/pages\/17","targetHints":{"allow":["GET"]}}],"collection":[{"href":"https:\/\/scmanissieux.com\/index.php\/wp-json\/wp\/v2\/pages"}],"about":[{"href":"https:\/\/scmanissieux.com\/index.php\/wp-json\/wp\/v2\/types\/page"}],"author":[{"embeddable":true,"href":"https:\/\/scmanissieux.com\/index.php\/wp-json\/wp\/v2\/users\/1"}],"replies":[{"embeddable":true,"href":"https:\/\/scmanissieux.com\/index.php\/wp-json\/wp\/v2\/comments?post=17"}],"version-history":[{"count":20,"href":"https:\/\/scmanissieux.com\/index.php\/wp-json\/wp\/v2\/pages\/17\/revisions"}],"predecessor-version":[{"id":1530,"href":"https:\/\/scmanissieux.com\/index.php\/wp-json\/wp\/v2\/pages\/17\/revisions\/1530"}],"wp:attachment":[{"href":"https:\/\/scmanissieux.com\/index.php\/wp-json\/wp\/v2\/media?parent=17"}],"curies":[{"name":"wp","href":"https:\/\/api.w.org\/{rel}","templated":true}]}}