{"id":16,"date":"2023-03-18T18:03:13","date_gmt":"2023-03-18T17:03:13","guid":{"rendered":"http:\/\/scmanissieux.com\/?page_id=16"},"modified":"2023-07-26T17:35:27","modified_gmt":"2023-07-26T15:35:27","slug":"contact","status":"publish","type":"page","link":"https:\/\/scmanissieux.com\/index.php\/contact\/","title":{"rendered":"Contact"},"content":{"rendered":"\t\t<div data-elementor-type=\"wp-page\" data-elementor-id=\"16\" class=\"elementor elementor-16\">\n\t\t\t\t\t\t<section class=\"elementor-section elementor-top-section elementor-element elementor-element-43dc92b elementor-section-boxed elementor-section-height-default elementor-section-height-default\" data-id=\"43dc92b\" data-element_type=\"section\" data-e-type=\"section\" data-settings=\"{&quot;background_background&quot;:&quot;classic&quot;}\">\n\t\t\t\t\t\t<div class=\"elementor-container elementor-column-gap-default\">\n\t\t\t\t\t<div class=\"elementor-column elementor-col-100 elementor-top-column elementor-element elementor-element-b46544e\" data-id=\"b46544e\" data-element_type=\"column\" data-e-type=\"column\">\n\t\t\t<div class=\"elementor-widget-wrap elementor-element-populated\">\n\t\t\t\t\t\t<div class=\"elementor-element elementor-element-42a219b elementor-widget elementor-widget-heading\" data-id=\"42a219b\" data-element_type=\"widget\" data-e-type=\"widget\" data-widget_type=\"heading.default\">\n\t\t\t\t<div class=\"elementor-widget-container\">\n\t\t\t\t\t<h1 class=\"elementor-heading-title elementor-size-default\">Contactez nous<\/h1>\t\t\t\t<\/div>\n\t\t\t\t<\/div>\n\t\t\t\t<section class=\"elementor-section elementor-inner-section elementor-element elementor-element-d74d6a9 elementor-section-boxed elementor-section-height-default elementor-section-height-default\" data-id=\"d74d6a9\" data-element_type=\"section\" data-e-type=\"section\">\n\t\t\t\t\t\t<div class=\"elementor-container elementor-column-gap-default\">\n\t\t\t\t\t<div class=\"elementor-column elementor-col-50 elementor-inner-column elementor-element elementor-element-c4bee08\" data-id=\"c4bee08\" data-element_type=\"column\" data-e-type=\"column\">\n\t\t\t<div class=\"elementor-widget-wrap elementor-element-populated\">\n\t\t\t\t\t\t<div class=\"elementor-element elementor-element-1a17b73 elementor-widget__width-initial elementor-widget elementor-widget-text-editor\" data-id=\"1a17b73\" data-element_type=\"widget\" data-e-type=\"widget\" data-widget_type=\"text-editor.default\">\n\t\t\t\t<div class=\"elementor-widget-container\">\n\t\t\t\t\t\t\t\t\t<p>Nous sommes \u00e0 votre \u00e9coute pour toutes vos questions, remarques ou demandes d&rsquo;informations sur le club SC-Manissieux. Vous pouvez nous contacter de diff\u00e9rentes mani\u00e8res :<\/p><ul><li>Utilisez le formulaire ci-dessous pour nous envoyer un message directement depuis le site. Nous nous engageons \u00e0 vous r\u00e9pondre dans les plus brefs d\u00e9lais.<\/li><li><span style=\"font-style: inherit; font-weight: inherit; background-color: var( --e-global-color-astglobalcolor5 ); color: var(--ast-global-color-3);\">Venez nous rencontrer lors de nos entra\u00eenements<\/span><\/li><\/ul><p>Nous serons ravis de vous aider et de r\u00e9pondre \u00e0 toutes vos questions concernant notre club, nos activit\u00e9s et nos \u00e9v\u00e9nements. N&rsquo;h\u00e9sitez pas \u00e0 nous contacter !<\/p>\t\t\t\t\t\t\t\t<\/div>\n\t\t\t\t<\/div>\n\t\t\t\t\t<\/div>\n\t\t<\/div>\n\t\t\t\t<div class=\"elementor-column elementor-col-50 elementor-inner-column elementor-element elementor-element-6eb274a\" data-id=\"6eb274a\" data-element_type=\"column\" data-e-type=\"column\">\n\t\t\t<div class=\"elementor-widget-wrap\">\n\t\t\t\t\t\t\t<\/div>\n\t\t<\/div>\n\t\t\t\t\t<\/div>\n\t\t<\/section>\n\t\t\t\t<div class=\"elementor-element elementor-element-19a6d9d elementor-widget elementor-widget-shortcode\" data-id=\"19a6d9d\" data-element_type=\"widget\" data-e-type=\"widget\" data-widget_type=\"shortcode.default\">\n\t\t\t\t<div class=\"elementor-widget-container\">\n\t\t\t\t\t\t\t<div class=\"elementor-shortcode\">\n<div class=\"wpcf7 no-js\" id=\"wpcf7-f1343-o1\" lang=\"fr-FR\" dir=\"ltr\" data-wpcf7-id=\"1343\">\n<div class=\"screen-reader-response\"><p role=\"status\" aria-live=\"polite\" aria-atomic=\"true\"><\/p> <ul><\/ul><\/div>\n<form action=\"\/index.php\/wp-json\/wp\/v2\/pages\/16#wpcf7-f1343-o1\" method=\"post\" class=\"wpcf7-form init\" aria-label=\"Formulaire de contact\" novalidate=\"novalidate\" data-status=\"init\">\n<fieldset class=\"hidden-fields-container\"><input type=\"hidden\" name=\"_wpcf7\" value=\"1343\" \/><input type=\"hidden\" name=\"_wpcf7_version\" value=\"6.1.5\" \/><input type=\"hidden\" name=\"_wpcf7_locale\" value=\"fr_FR\" \/><input type=\"hidden\" name=\"_wpcf7_unit_tag\" value=\"wpcf7-f1343-o1\" \/><input type=\"hidden\" name=\"_wpcf7_container_post\" value=\"0\" \/><input type=\"hidden\" name=\"_wpcf7_posted_data_hash\" value=\"\" \/><input type=\"hidden\" name=\"_wpcf7_recaptcha_response\" value=\"\" \/>\n<\/fieldset>\n<p><label> Votre nom<br \/>\n<span class=\"wpcf7-form-control-wrap\" data-name=\"your-name\"><input size=\"40\" maxlength=\"400\" class=\"wpcf7-form-control wpcf7-text wpcf7-validates-as-required\" autocomplete=\"name\" aria-required=\"true\" aria-invalid=\"false\" value=\"\" type=\"text\" name=\"your-name\" \/><\/span> <\/label>\n<\/p>\n<p><label> Votre e-mail<br \/>\n<span class=\"wpcf7-form-control-wrap\" data-name=\"your-email\"><input size=\"40\" maxlength=\"400\" class=\"wpcf7-form-control wpcf7-email wpcf7-validates-as-required wpcf7-text wpcf7-validates-as-email\" autocomplete=\"email\" aria-required=\"true\" aria-invalid=\"false\" value=\"\" type=\"email\" name=\"your-email\" \/><\/span> <\/label>\n<\/p>\n<p><label> Objet<br \/>\n<span class=\"wpcf7-form-control-wrap\" data-name=\"your-subject\"><input size=\"40\" maxlength=\"400\" class=\"wpcf7-form-control wpcf7-text wpcf7-validates-as-required\" aria-required=\"true\" aria-invalid=\"false\" value=\"\" type=\"text\" name=\"your-subject\" \/><\/span> <\/label>\n<\/p>\n<p><label> Votre message (facultatif)<br \/>\n<span class=\"wpcf7-form-control-wrap\" data-name=\"your-message\"><textarea cols=\"40\" rows=\"10\" maxlength=\"2000\" class=\"wpcf7-form-control wpcf7-textarea\" aria-invalid=\"false\" name=\"your-message\"><\/textarea><\/span> <\/label>\n<\/p>\n<p><input class=\"wpcf7-form-control wpcf7-submit has-spinner\" type=\"submit\" value=\"Envoyer\" \/>\n<\/p><div class=\"wpcf7-response-output\" aria-hidden=\"true\"><\/div>\n<\/form>\n<\/div>\n<\/div>\n\t\t\t\t\t\t<\/div>\n\t\t\t\t<\/div>\n\t\t\t\t\t<\/div>\n\t\t<\/div>\n\t\t\t\t\t<\/div>\n\t\t<\/section>\n\t\t\t\t<section class=\"elementor-section elementor-top-section elementor-element elementor-element-e261e1d elementor-section-boxed elementor-section-height-default elementor-section-height-default\" data-id=\"e261e1d\" data-element_type=\"section\" data-e-type=\"section\" data-settings=\"{&quot;background_background&quot;:&quot;classic&quot;}\">\n\t\t\t\t\t\t<div class=\"elementor-container elementor-column-gap-default\">\n\t\t\t\t\t<div class=\"elementor-column elementor-col-100 elementor-top-column elementor-element elementor-element-ec0115b\" data-id=\"ec0115b\" data-element_type=\"column\" data-e-type=\"column\">\n\t\t\t<div class=\"elementor-widget-wrap elementor-element-populated\">\n\t\t\t\t\t\t<div class=\"elementor-element elementor-element-7e42c76 elementor-widget elementor-widget-google_maps\" data-id=\"7e42c76\" data-element_type=\"widget\" data-e-type=\"widget\" data-widget_type=\"google_maps.default\">\n\t\t\t\t<div class=\"elementor-widget-container\">\n\t\t\t\t\t\t\t<div class=\"elementor-custom-embed\">\n\t\t\t<iframe loading=\"lazy\"\n\t\t\t\t\tsrc=\"https:\/\/maps.google.com\/maps?q=SaintPlace%20Honor%C3%A9%20de%20Balzac%20-%20Manissieux%2069800%20SAINT-PRIESTpriest&#038;t=m&#038;z=13&#038;output=embed&#038;iwloc=near\"\n\t\t\t\t\ttitle=\"SaintPlace Honor\u00e9 de Balzac - Manissieux 69800 SAINT-PRIESTpriest\"\n\t\t\t\t\taria-label=\"SaintPlace Honor\u00e9 de Balzac - Manissieux 69800 SAINT-PRIESTpriest\"\n\t\t\t><\/iframe>\n\t\t<\/div>\n\t\t\t\t\t\t<\/div>\n\t\t\t\t<\/div>\n\t\t\t\t<section class=\"elementor-section elementor-inner-section elementor-element elementor-element-07ed272 elementor-section-boxed elementor-section-height-default elementor-section-height-default\" data-id=\"07ed272\" data-element_type=\"section\" data-e-type=\"section\" data-settings=\"{&quot;background_background&quot;:&quot;classic&quot;}\">\n\t\t\t\t\t\t<div class=\"elementor-container elementor-column-gap-default\">\n\t\t\t\t\t<div class=\"elementor-column elementor-col-100 elementor-inner-column elementor-element elementor-element-206fecf\" data-id=\"206fecf\" data-element_type=\"column\" data-e-type=\"column\" data-settings=\"{&quot;background_background&quot;:&quot;classic&quot;}\">\n\t\t\t<div class=\"elementor-widget-wrap elementor-element-populated\">\n\t\t\t\t\t\t<div class=\"elementor-element elementor-element-8af6976 elementor-widget elementor-widget-text-editor\" data-id=\"8af6976\" data-element_type=\"widget\" data-e-type=\"widget\" data-widget_type=\"text-editor.default\">\n\t\t\t\t<div class=\"elementor-widget-container\">\n\t\t\t\t\t\t\t\t\t<p>Club Cycliste SC Manissieux<br \/>74 rue Gambetta 69800 SAINT-PRIEST<\/p><p>\u200bSIRET 82240807600013<br \/>N\u00b0 W691075171 &#8211; Pr\u00e9fecture du Rh\u00f4ne<br \/>Association loi 1901 \u00e0 but non lucratif<\/p>\t\t\t\t\t\t\t\t<\/div>\n\t\t\t\t<\/div>\n\t\t\t\t\t<\/div>\n\t\t<\/div>\n\t\t\t\t\t<\/div>\n\t\t<\/section>\n\t\t\t\t\t<\/div>\n\t\t<\/div>\n\t\t\t\t\t<\/div>\n\t\t<\/section>\n\t\t\t\t<\/div>\n\t\t","protected":false},"excerpt":{"rendered":"<p>Contactez nous Nous sommes \u00e0 votre \u00e9coute pour toutes vos questions, remarques ou demandes d&rsquo;informations sur le club SC-Manissieux. Vous pouvez nous contacter de diff\u00e9rentes mani\u00e8res : Utilisez le formulaire ci-dessous pour nous envoyer un message directement depuis le site. Nous nous engageons \u00e0 vous r\u00e9pondre dans les plus brefs d\u00e9lais. Venez nous rencontrer lors [&hellip;]<\/p>\n","protected":false},"author":1,"featured_media":0,"parent":0,"menu_order":0,"comment_status":"closed","ping_status":"closed","template":"","meta":{"om_disable_all_campaigns":false,"_monsterinsights_skip_tracking":false,"_monsterinsights_sitenote_active":false,"_monsterinsights_sitenote_note":"","_monsterinsights_sitenote_category":0,"_uf_show_specific_survey":0,"_uf_disable_surveys":false,"site-sidebar-layout":"no-sidebar","site-content-layout":"page-builder","ast-site-content-layout":"default","site-content-style":"default","site-sidebar-style":"default","ast-global-header-display":"","ast-banner-title-visibility":"","ast-main-header-display":"","ast-hfb-above-header-display":"","ast-hfb-below-header-display":"","ast-hfb-mobile-header-display":"","site-post-title":"disabled","ast-breadcrumbs-content":"","ast-featured-img":"disabled","footer-sml-layout":"","ast-disable-related-posts":"","theme-transparent-header-meta":"","adv-header-id-meta":"","stick-header-meta":"","header-above-stick-meta":"","header-main-stick-meta":"","header-below-stick-meta":"","astra-migrate-meta-layouts":"default","ast-page-background-enabled":"default","ast-page-background-meta":{"desktop":{"background-color":"","background-image":"","background-repeat":"repeat","background-position":"center center","background-size":"auto","background-attachment":"scroll","background-type":"","background-media":"","overlay-type":"","overlay-color":"","overlay-opacity":"","overlay-gradient":""},"tablet":{"background-color":"","background-image":"","background-repeat":"repeat","background-position":"center center","background-size":"auto","background-attachment":"scroll","background-type":"","background-media":"","overlay-type":"","overlay-color":"","overlay-opacity":"","overlay-gradient":""},"mobile":{"background-color":"","background-image":"","background-repeat":"repeat","background-position":"center center","background-size":"auto","background-attachment":"scroll","background-type":"","background-media":"","overlay-type":"","overlay-color":"","overlay-opacity":"","overlay-gradient":""}},"ast-content-background-meta":{"desktop":{"background-color":"var(--ast-global-color-5)","background-image":"","background-repeat":"repeat","background-position":"center center","background-size":"auto","background-attachment":"scroll","background-type":"","background-media":"","overlay-type":"","overlay-color":"","overlay-opacity":"","overlay-gradient":""},"tablet":{"background-color":"var(--ast-global-color-5)","background-image":"","background-repeat":"repeat","background-position":"center center","background-size":"auto","background-attachment":"scroll","background-type":"","background-media":"","overlay-type":"","overlay-color":"","overlay-opacity":"","overlay-gradient":""},"mobile":{"background-color":"var(--ast-global-color-5)","background-image":"","background-repeat":"repeat","background-position":"center center","background-size":"auto","background-attachment":"scroll","background-type":"","background-media":"","overlay-type":"","overlay-color":"","overlay-opacity":"","overlay-gradient":""}},"footnotes":""},"class_list":["post-16","page","type-page","status-publish","hentry"],"yoast_head":"<!-- This site is optimized with the Yoast SEO plugin v26.7 - https:\/\/yoast.com\/wordpress\/plugins\/seo\/ -->\n<title>Contact - Sporting Cyclo Manissieux<\/title>\n<meta name=\"robots\" content=\"index, follow, max-snippet:-1, max-image-preview:large, max-video-preview:-1\" \/>\n<link rel=\"canonical\" href=\"https:\/\/scmanissieux.com\/index.php\/contact\/\" \/>\n<meta property=\"og:locale\" content=\"fr_FR\" \/>\n<meta property=\"og:type\" content=\"article\" \/>\n<meta property=\"og:title\" content=\"Contact - Sporting Cyclo Manissieux\" \/>\n<meta property=\"og:description\" content=\"Contactez nous Nous sommes \u00e0 votre \u00e9coute pour toutes vos questions, remarques ou demandes d&rsquo;informations sur le club SC-Manissieux. Vous pouvez nous contacter de diff\u00e9rentes mani\u00e8res : Utilisez le formulaire ci-dessous pour nous envoyer un message directement depuis le site. Nous nous engageons \u00e0 vous r\u00e9pondre dans les plus brefs d\u00e9lais. Venez nous rencontrer lors [&hellip;]\" \/>\n<meta property=\"og:url\" content=\"https:\/\/scmanissieux.com\/index.php\/contact\/\" \/>\n<meta property=\"og:site_name\" content=\"Sporting Cyclo Manissieux\" \/>\n<meta property=\"article:publisher\" content=\"https:\/\/www.facebook.com\/sc.manissieux.35\/?locale=fr_FR\" \/>\n<meta property=\"article:modified_time\" content=\"2023-07-26T15:35:27+00:00\" \/>\n<meta name=\"twitter:card\" content=\"summary_large_image\" \/>\n<meta name=\"twitter:label1\" content=\"Dur\u00e9e de lecture estim\u00e9e\" \/>\n\t<meta name=\"twitter:data1\" content=\"1 minute\" \/>\n<script type=\"application\/ld+json\" class=\"yoast-schema-graph\">{\"@context\":\"https:\/\/schema.org\",\"@graph\":[{\"@type\":\"WebPage\",\"@id\":\"https:\/\/scmanissieux.com\/index.php\/contact\/\",\"url\":\"https:\/\/scmanissieux.com\/index.php\/contact\/\",\"name\":\"Contact - Sporting Cyclo Manissieux\",\"isPartOf\":{\"@id\":\"https:\/\/scmanissieux.com\/#website\"},\"datePublished\":\"2023-03-18T17:03:13+00:00\",\"dateModified\":\"2023-07-26T15:35:27+00:00\",\"breadcrumb\":{\"@id\":\"https:\/\/scmanissieux.com\/index.php\/contact\/#breadcrumb\"},\"inLanguage\":\"fr-FR\",\"potentialAction\":[{\"@type\":\"ReadAction\",\"target\":[\"https:\/\/scmanissieux.com\/index.php\/contact\/\"]}]},{\"@type\":\"BreadcrumbList\",\"@id\":\"https:\/\/scmanissieux.com\/index.php\/contact\/#breadcrumb\",\"itemListElement\":[{\"@type\":\"ListItem\",\"position\":1,\"name\":\"Accueil\",\"item\":\"https:\/\/scmanissieux.com\/\"},{\"@type\":\"ListItem\",\"position\":2,\"name\":\"Contact\"}]},{\"@type\":\"WebSite\",\"@id\":\"https:\/\/scmanissieux.com\/#website\",\"url\":\"https:\/\/scmanissieux.com\/\",\"name\":\"Sporting Cyclo Manissieux\",\"description\":\"Il est beau mon v\u00e9lo\",\"publisher\":{\"@id\":\"https:\/\/scmanissieux.com\/#organization\"},\"potentialAction\":[{\"@type\":\"SearchAction\",\"target\":{\"@type\":\"EntryPoint\",\"urlTemplate\":\"https:\/\/scmanissieux.com\/?s={search_term_string}\"},\"query-input\":{\"@type\":\"PropertyValueSpecification\",\"valueRequired\":true,\"valueName\":\"search_term_string\"}}],\"inLanguage\":\"fr-FR\"},{\"@type\":\"Organization\",\"@id\":\"https:\/\/scmanissieux.com\/#organization\",\"name\":\"Sporting Cyclo Manissieux\",\"url\":\"https:\/\/scmanissieux.com\/\",\"logo\":{\"@type\":\"ImageObject\",\"inLanguage\":\"fr-FR\",\"@id\":\"https:\/\/scmanissieux.com\/#\/schema\/logo\/image\/\",\"url\":\"https:\/\/scmanissieux.com\/wp-content\/uploads\/2023\/03\/cropped-logoSCManissieux2-1.webp\",\"contentUrl\":\"https:\/\/scmanissieux.com\/wp-content\/uploads\/2023\/03\/cropped-logoSCManissieux2-1.webp\",\"width\":142,\"height\":112,\"caption\":\"Sporting Cyclo Manissieux\"},\"image\":{\"@id\":\"https:\/\/scmanissieux.com\/#\/schema\/logo\/image\/\"},\"sameAs\":[\"https:\/\/www.facebook.com\/sc.manissieux.35\/?locale=fr_FR\",\"https:\/\/www.strava.com\/clubs\/sporting-cyclo-manissieux-76142?hl=fr-FR\"]}]}<\/script>\n<!-- \/ Yoast SEO plugin. -->","yoast_head_json":{"title":"Contact - Sporting Cyclo Manissieux","robots":{"index":"index","follow":"follow","max-snippet":"max-snippet:-1","max-image-preview":"max-image-preview:large","max-video-preview":"max-video-preview:-1"},"canonical":"https:\/\/scmanissieux.com\/index.php\/contact\/","og_locale":"fr_FR","og_type":"article","og_title":"Contact - Sporting Cyclo Manissieux","og_description":"Contactez nous Nous sommes \u00e0 votre \u00e9coute pour toutes vos questions, remarques ou demandes d&rsquo;informations sur le club SC-Manissieux. Vous pouvez nous contacter de diff\u00e9rentes mani\u00e8res : Utilisez le formulaire ci-dessous pour nous envoyer un message directement depuis le site. Nous nous engageons \u00e0 vous r\u00e9pondre dans les plus brefs d\u00e9lais. Venez nous rencontrer lors [&hellip;]","og_url":"https:\/\/scmanissieux.com\/index.php\/contact\/","og_site_name":"Sporting Cyclo Manissieux","article_publisher":"https:\/\/www.facebook.com\/sc.manissieux.35\/?locale=fr_FR","article_modified_time":"2023-07-26T15:35:27+00:00","twitter_card":"summary_large_image","twitter_misc":{"Dur\u00e9e de lecture estim\u00e9e":"1 minute"},"schema":{"@context":"https:\/\/schema.org","@graph":[{"@type":"WebPage","@id":"https:\/\/scmanissieux.com\/index.php\/contact\/","url":"https:\/\/scmanissieux.com\/index.php\/contact\/","name":"Contact - Sporting Cyclo Manissieux","isPartOf":{"@id":"https:\/\/scmanissieux.com\/#website"},"datePublished":"2023-03-18T17:03:13+00:00","dateModified":"2023-07-26T15:35:27+00:00","breadcrumb":{"@id":"https:\/\/scmanissieux.com\/index.php\/contact\/#breadcrumb"},"inLanguage":"fr-FR","potentialAction":[{"@type":"ReadAction","target":["https:\/\/scmanissieux.com\/index.php\/contact\/"]}]},{"@type":"BreadcrumbList","@id":"https:\/\/scmanissieux.com\/index.php\/contact\/#breadcrumb","itemListElement":[{"@type":"ListItem","position":1,"name":"Accueil","item":"https:\/\/scmanissieux.com\/"},{"@type":"ListItem","position":2,"name":"Contact"}]},{"@type":"WebSite","@id":"https:\/\/scmanissieux.com\/#website","url":"https:\/\/scmanissieux.com\/","name":"Sporting Cyclo Manissieux","description":"Il est beau mon v\u00e9lo","publisher":{"@id":"https:\/\/scmanissieux.com\/#organization"},"potentialAction":[{"@type":"SearchAction","target":{"@type":"EntryPoint","urlTemplate":"https:\/\/scmanissieux.com\/?s={search_term_string}"},"query-input":{"@type":"PropertyValueSpecification","valueRequired":true,"valueName":"search_term_string"}}],"inLanguage":"fr-FR"},{"@type":"Organization","@id":"https:\/\/scmanissieux.com\/#organization","name":"Sporting Cyclo Manissieux","url":"https:\/\/scmanissieux.com\/","logo":{"@type":"ImageObject","inLanguage":"fr-FR","@id":"https:\/\/scmanissieux.com\/#\/schema\/logo\/image\/","url":"https:\/\/scmanissieux.com\/wp-content\/uploads\/2023\/03\/cropped-logoSCManissieux2-1.webp","contentUrl":"https:\/\/scmanissieux.com\/wp-content\/uploads\/2023\/03\/cropped-logoSCManissieux2-1.webp","width":142,"height":112,"caption":"Sporting Cyclo Manissieux"},"image":{"@id":"https:\/\/scmanissieux.com\/#\/schema\/logo\/image\/"},"sameAs":["https:\/\/www.facebook.com\/sc.manissieux.35\/?locale=fr_FR","https:\/\/www.strava.com\/clubs\/sporting-cyclo-manissieux-76142?hl=fr-FR"]}]}},"_links":{"self":[{"href":"https:\/\/scmanissieux.com\/index.php\/wp-json\/wp\/v2\/pages\/16","targetHints":{"allow":["GET"]}}],"collection":[{"href":"https:\/\/scmanissieux.com\/index.php\/wp-json\/wp\/v2\/pages"}],"about":[{"href":"https:\/\/scmanissieux.com\/index.php\/wp-json\/wp\/v2\/types\/page"}],"author":[{"embeddable":true,"href":"https:\/\/scmanissieux.com\/index.php\/wp-json\/wp\/v2\/users\/1"}],"replies":[{"embeddable":true,"href":"https:\/\/scmanissieux.com\/index.php\/wp-json\/wp\/v2\/comments?post=16"}],"version-history":[{"count":25,"href":"https:\/\/scmanissieux.com\/index.php\/wp-json\/wp\/v2\/pages\/16\/revisions"}],"predecessor-version":[{"id":1718,"href":"https:\/\/scmanissieux.com\/index.php\/wp-json\/wp\/v2\/pages\/16\/revisions\/1718"}],"wp:attachment":[{"href":"https:\/\/scmanissieux.com\/index.php\/wp-json\/wp\/v2\/media?parent=16"}],"curies":[{"name":"wp","href":"https:\/\/api.w.org\/{rel}","templated":true}]}}