{"id":15,"date":"2023-03-18T18:03:13","date_gmt":"2023-03-18T17:03:13","guid":{"rendered":"http:\/\/scmanissieux.com\/?page_id=15"},"modified":"2023-06-27T11:17:14","modified_gmt":"2023-06-27T09:17:14","slug":"histoire","status":"publish","type":"page","link":"https:\/\/scmanissieux.com\/index.php\/histoire\/","title":{"rendered":"Histoire"},"content":{"rendered":"\t\t<div data-elementor-type=\"wp-page\" data-elementor-id=\"15\" class=\"elementor elementor-15\">\n\t\t\t\t\t\t<section class=\"elementor-section elementor-top-section elementor-element elementor-element-e676b17 elementor-section-height-min-height elementor-section-content-top elementor-section-boxed elementor-section-height-default elementor-section-items-middle\" data-id=\"e676b17\" data-element_type=\"section\" data-e-type=\"section\" data-settings=\"{&quot;background_background&quot;:&quot;classic&quot;}\">\n\t\t\t\t\t\t<div class=\"elementor-container elementor-column-gap-default\">\n\t\t\t\t\t<div class=\"elementor-column elementor-col-100 elementor-top-column elementor-element elementor-element-4ee7992\" data-id=\"4ee7992\" data-element_type=\"column\" data-e-type=\"column\">\n\t\t\t<div class=\"elementor-widget-wrap elementor-element-populated\">\n\t\t\t\t\t\t<div class=\"elementor-element elementor-element-aae3a3e elementor-widget elementor-widget-heading\" data-id=\"aae3a3e\" data-element_type=\"widget\" data-e-type=\"widget\" data-widget_type=\"heading.default\">\n\t\t\t\t<div class=\"elementor-widget-container\">\n\t\t\t\t\t<h1 class=\"elementor-heading-title elementor-size-default\">Histoire du club<\/h1>\t\t\t\t<\/div>\n\t\t\t\t<\/div>\n\t\t\t\t\t<\/div>\n\t\t<\/div>\n\t\t\t\t\t<\/div>\n\t\t<\/section>\n\t\t\t\t<section class=\"elementor-section elementor-top-section elementor-element elementor-element-89cc42f elementor-section-content-top elementor-section-boxed elementor-section-height-default elementor-section-height-default\" data-id=\"89cc42f\" data-element_type=\"section\" data-e-type=\"section\">\n\t\t\t\t\t\t<div class=\"elementor-container elementor-column-gap-default\">\n\t\t\t\t\t<div class=\"elementor-column elementor-col-100 elementor-top-column elementor-element elementor-element-877855b\" data-id=\"877855b\" data-element_type=\"column\" data-e-type=\"column\">\n\t\t\t<div class=\"elementor-widget-wrap elementor-element-populated\">\n\t\t\t\t\t\t<section class=\"elementor-section elementor-inner-section elementor-element elementor-element-e396834 elementor-section-boxed elementor-section-height-default elementor-section-height-default\" data-id=\"e396834\" data-element_type=\"section\" data-e-type=\"section\" data-settings=\"{&quot;background_background&quot;:&quot;classic&quot;}\">\n\t\t\t\t\t\t<div class=\"elementor-container elementor-column-gap-default\">\n\t\t\t\t\t<div class=\"elementor-column elementor-col-50 elementor-inner-column elementor-element elementor-element-0ee7b26\" data-id=\"0ee7b26\" data-element_type=\"column\" data-e-type=\"column\">\n\t\t\t<div class=\"elementor-widget-wrap elementor-element-populated\">\n\t\t\t\t\t\t<div class=\"elementor-element elementor-element-e4ae188 elementor-widget elementor-widget-heading\" data-id=\"e4ae188\" data-element_type=\"widget\" data-e-type=\"widget\" data-widget_type=\"heading.default\">\n\t\t\t\t<div class=\"elementor-widget-container\">\n\t\t\t\t\t<h3 class=\"elementor-heading-title elementor-size-default\">En selle depuis 1984\n<\/h3>\t\t\t\t<\/div>\n\t\t\t\t<\/div>\n\t\t\t\t<div class=\"elementor-element elementor-element-84e0d2b elementor-widget elementor-widget-text-editor\" data-id=\"84e0d2b\" data-element_type=\"widget\" data-e-type=\"widget\" data-widget_type=\"text-editor.default\">\n\t\t\t\t<div class=\"elementor-widget-container\">\n\t\t\t\t\t\t\t\t\t<p class=\"font_7\">Cr\u00e9e par Pierre Ridard, le 11 octobre 1984, la section cyclo de l&rsquo;A.I.L Manissieux \u00e0 d\u00e9marr\u00e9e en fl\u00e8che.\u00a0En effet au printemps suivant, 24 licenci\u00e9s \u00e9taient inscrits : tous des mordus de la petite Reine.<\/p><p class=\"font_7\"><span class=\"wixGuard\">\u200b<\/span>Sponsoris\u00e9 par la\u00a0<a href=\"http:\/\/ompr-group.com\/\" target=\"_blank\" rel=\"noopener\">Soci\u00e9t\u00e9 OMPR<\/a>\u00a0(Outillage M\u00e9canique Pr\u00e9cision Ridard), les premiers maillots aux parements rouges sur fond bleu et logo blanc ont imm\u00e9diatement \u00e9t\u00e9 rev\u00eatus par les cyclistes en d\u00e9but d&rsquo;ann\u00e9e 1985.<\/p><p class=\"font_7\">Sous la coupe de l&rsquo;UFOLEP, le 24 mai 1987, le club organise son premier rallye qui r\u00e9uni quelques 260 cyclotouristes et le 10 octobre de la m\u00eame ann\u00e9e un gentleman se d\u00e9roulera sur un circuit de 27 km.<\/p><p class=\"font_7\">En 1989, le club compte 50 adh\u00e9rents et participe \u00e0 17 \u00e9preuves officielles nationales ou r\u00e9gionales.<\/p><p class=\"font_7\">\u00c0 la Marmotte 89, la section cycliste et le 1er club fran\u00e7ais.\u00a0<\/p>\t\t\t\t\t\t\t\t<\/div>\n\t\t\t\t<\/div>\n\t\t\t\t\t<\/div>\n\t\t<\/div>\n\t\t\t\t<div class=\"elementor-column elementor-col-50 elementor-inner-column elementor-element elementor-element-5e4d1fa\" data-id=\"5e4d1fa\" data-element_type=\"column\" data-e-type=\"column\">\n\t\t\t<div class=\"elementor-widget-wrap elementor-element-populated\">\n\t\t\t\t\t\t<div class=\"elementor-element elementor-element-5206dae elementor-widget elementor-widget-image\" data-id=\"5206dae\" data-element_type=\"widget\" data-e-type=\"widget\" data-widget_type=\"image.default\">\n\t\t\t\t<div class=\"elementor-widget-container\">\n\t\t\t\t\t\t\t\t\t\t\t\t\t\t\t<img fetchpriority=\"high\" decoding=\"async\" width=\"446\" height=\"391\" src=\"https:\/\/scmanissieux.com\/wp-content\/uploads\/2023\/03\/e7bc61_c9363f9e810f4def90ce642c7c09603d_mv2.webp\" class=\"attachment-large size-large wp-image-915\" alt=\"\" srcset=\"https:\/\/scmanissieux.com\/wp-content\/uploads\/2023\/03\/e7bc61_c9363f9e810f4def90ce642c7c09603d_mv2.webp 446w, https:\/\/scmanissieux.com\/wp-content\/uploads\/2023\/03\/e7bc61_c9363f9e810f4def90ce642c7c09603d_mv2-300x263.webp 300w\" sizes=\"(max-width: 446px) 100vw, 446px\" \/>\t\t\t\t\t\t\t\t\t\t\t\t\t\t\t<\/div>\n\t\t\t\t<\/div>\n\t\t\t\t\t<\/div>\n\t\t<\/div>\n\t\t\t\t\t<\/div>\n\t\t<\/section>\n\t\t\t\t<section class=\"elementor-section elementor-inner-section elementor-element elementor-element-172b7c4 elementor-section-boxed elementor-section-height-default elementor-section-height-default\" data-id=\"172b7c4\" data-element_type=\"section\" data-e-type=\"section\" data-settings=\"{&quot;background_background&quot;:&quot;classic&quot;}\">\n\t\t\t\t\t\t<div class=\"elementor-container elementor-column-gap-default\">\n\t\t\t\t\t<div class=\"elementor-column elementor-col-50 elementor-inner-column elementor-element elementor-element-16fb6ba\" data-id=\"16fb6ba\" data-element_type=\"column\" data-e-type=\"column\">\n\t\t\t<div class=\"elementor-widget-wrap elementor-element-populated\">\n\t\t\t\t\t\t<div class=\"elementor-element elementor-element-2bb47e5 elementor-widget elementor-widget-image\" data-id=\"2bb47e5\" data-element_type=\"widget\" data-e-type=\"widget\" data-widget_type=\"image.default\">\n\t\t\t\t<div class=\"elementor-widget-container\">\n\t\t\t\t\t\t\t\t\t\t\t\t\t\t\t<img decoding=\"async\" width=\"655\" height=\"567\" src=\"https:\/\/scmanissieux.com\/wp-content\/uploads\/2023\/03\/e7bc61_a6705fa4aa224528b69b6c9f32a63e7c_mv2.webp\" class=\"attachment-large size-large wp-image-916\" alt=\"\" srcset=\"https:\/\/scmanissieux.com\/wp-content\/uploads\/2023\/03\/e7bc61_a6705fa4aa224528b69b6c9f32a63e7c_mv2.webp 655w, https:\/\/scmanissieux.com\/wp-content\/uploads\/2023\/03\/e7bc61_a6705fa4aa224528b69b6c9f32a63e7c_mv2-300x260.webp 300w\" sizes=\"(max-width: 655px) 100vw, 655px\" \/>\t\t\t\t\t\t\t\t\t\t\t\t\t\t\t<\/div>\n\t\t\t\t<\/div>\n\t\t\t\t\t<\/div>\n\t\t<\/div>\n\t\t\t\t<div class=\"elementor-column elementor-col-50 elementor-inner-column elementor-element elementor-element-d4c1ae4\" data-id=\"d4c1ae4\" data-element_type=\"column\" data-e-type=\"column\">\n\t\t\t<div class=\"elementor-widget-wrap elementor-element-populated\">\n\t\t\t\t\t\t<div class=\"elementor-element elementor-element-1797c3a elementor-widget elementor-widget-text-editor\" data-id=\"1797c3a\" data-element_type=\"widget\" data-e-type=\"widget\" data-widget_type=\"text-editor.default\">\n\t\t\t\t<div class=\"elementor-widget-container\">\n\t\t\t\t\t\t\t\t\t<div id=\"bgLayers_comp-kc0igces\" class=\"MW5IWV\" data-hook=\"bgLayers\"><div id=\"bgMedia_comp-kc0igces\" class=\"VgO9Yg\">\u00a0<\/div><\/div><div class=\"\" data-mesh-id=\"comp-kc0igcesinlineContent\" data-testid=\"inline-content\"><div data-mesh-id=\"comp-kc0igcesinlineContent-gridContainer\" data-testid=\"mesh-container-content\"><div id=\"comp-kc0igceu\" class=\"BaOVQ8 tz5f0K comp-kc0igceu wixui-rich-text\" data-testid=\"richTextElement\"><p class=\"font_7\">Qualifi\u00e9 de\u00a0rouleur,\u00a0la r\u00e9putation du club au niveau r\u00e9gional n&rsquo;est plus a faire.\u00a0Pendant pr\u00e9s de 20 ans, le SC Manissieux a \u00e9t\u00e9 pr\u00e9sent dans de nombreuses \u00e9preuves cyclotouristes, cyclosportives, chronos etc et ces derni\u00e8res ann\u00e9es, son palmar\u00e8s s&rsquo;est enrichi de plusieurs titres de Champion de France UFOLEP de contre la montre.<br \/><br \/>Aujourd&rsquo;hui, le club est une association sous la loi de 1901 ; le sponsor historique est toujours pr\u00e9sent et c\u2019est un peu plus de 50 cyclistes qui sont licenci\u00e9s. L\u2019activit\u00e9 est toujours aussi intense, Marmotte, Time Meg\u00e8ve Mont-blanc, Lyon Mont-blanc sont au programme.<\/p><\/div><\/div><\/div>\t\t\t\t\t\t\t\t<\/div>\n\t\t\t\t<\/div>\n\t\t\t\t\t<\/div>\n\t\t<\/div>\n\t\t\t\t\t<\/div>\n\t\t<\/section>\n\t\t\t\t\t<\/div>\n\t\t<\/div>\n\t\t\t\t\t<\/div>\n\t\t<\/section>\n\t\t\t\t<\/div>\n\t\t","protected":false},"excerpt":{"rendered":"<p>Histoire du club En selle depuis 1984 Cr\u00e9e par Pierre Ridard, le 11 octobre 1984, la section cyclo de l&rsquo;A.I.L Manissieux \u00e0 d\u00e9marr\u00e9e en fl\u00e8che.\u00a0En effet au printemps suivant, 24 licenci\u00e9s \u00e9taient inscrits : tous des mordus de la petite Reine. \u200bSponsoris\u00e9 par la\u00a0Soci\u00e9t\u00e9 OMPR\u00a0(Outillage M\u00e9canique Pr\u00e9cision Ridard), les premiers maillots aux parements rouges sur [&hellip;]<\/p>\n","protected":false},"author":1,"featured_media":0,"parent":0,"menu_order":0,"comment_status":"closed","ping_status":"closed","template":"","meta":{"om_disable_all_campaigns":false,"_monsterinsights_skip_tracking":false,"_monsterinsights_sitenote_active":false,"_monsterinsights_sitenote_note":"","_monsterinsights_sitenote_category":0,"_uf_show_specific_survey":0,"_uf_disable_surveys":false,"site-sidebar-layout":"no-sidebar","site-content-layout":"page-builder","ast-site-content-layout":"default","site-content-style":"default","site-sidebar-style":"default","ast-global-header-display":"","ast-banner-title-visibility":"","ast-main-header-display":"","ast-hfb-above-header-display":"","ast-hfb-below-header-display":"","ast-hfb-mobile-header-display":"","site-post-title":"disabled","ast-breadcrumbs-content":"","ast-featured-img":"disabled","footer-sml-layout":"","ast-disable-related-posts":"","theme-transparent-header-meta":"","adv-header-id-meta":"","stick-header-meta":"","header-above-stick-meta":"","header-main-stick-meta":"","header-below-stick-meta":"","astra-migrate-meta-layouts":"default","ast-page-background-enabled":"default","ast-page-background-meta":{"desktop":{"background-color":"","background-image":"","background-repeat":"repeat","background-position":"center center","background-size":"auto","background-attachment":"scroll","background-type":"","background-media":"","overlay-type":"","overlay-color":"","overlay-opacity":"","overlay-gradient":""},"tablet":{"background-color":"","background-image":"","background-repeat":"repeat","background-position":"center center","background-size":"auto","background-attachment":"scroll","background-type":"","background-media":"","overlay-type":"","overlay-color":"","overlay-opacity":"","overlay-gradient":""},"mobile":{"background-color":"","background-image":"","background-repeat":"repeat","background-position":"center center","background-size":"auto","background-attachment":"scroll","background-type":"","background-media":"","overlay-type":"","overlay-color":"","overlay-opacity":"","overlay-gradient":""}},"ast-content-background-meta":{"desktop":{"background-color":"var(--ast-global-color-5)","background-image":"","background-repeat":"repeat","background-position":"center center","background-size":"auto","background-attachment":"scroll","background-type":"","background-media":"","overlay-type":"","overlay-color":"","overlay-opacity":"","overlay-gradient":""},"tablet":{"background-color":"var(--ast-global-color-5)","background-image":"","background-repeat":"repeat","background-position":"center center","background-size":"auto","background-attachment":"scroll","background-type":"","background-media":"","overlay-type":"","overlay-color":"","overlay-opacity":"","overlay-gradient":""},"mobile":{"background-color":"var(--ast-global-color-5)","background-image":"","background-repeat":"repeat","background-position":"center center","background-size":"auto","background-attachment":"scroll","background-type":"","background-media":"","overlay-type":"","overlay-color":"","overlay-opacity":"","overlay-gradient":""}},"footnotes":""},"class_list":["post-15","page","type-page","status-publish","hentry"],"yoast_head":"<!-- This site is optimized with the Yoast SEO plugin v26.7 - https:\/\/yoast.com\/wordpress\/plugins\/seo\/ -->\n<title>Histoire - Sporting Cyclo Manissieux<\/title>\n<meta name=\"robots\" content=\"index, follow, max-snippet:-1, max-image-preview:large, max-video-preview:-1\" \/>\n<link rel=\"canonical\" href=\"https:\/\/scmanissieux.com\/index.php\/histoire\/\" \/>\n<meta property=\"og:locale\" content=\"fr_FR\" \/>\n<meta property=\"og:type\" content=\"article\" \/>\n<meta property=\"og:title\" content=\"Histoire - Sporting Cyclo Manissieux\" \/>\n<meta property=\"og:description\" content=\"Histoire du club En selle depuis 1984 Cr\u00e9e par Pierre Ridard, le 11 octobre 1984, la section cyclo de l&rsquo;A.I.L Manissieux \u00e0 d\u00e9marr\u00e9e en fl\u00e8che.\u00a0En effet au printemps suivant, 24 licenci\u00e9s \u00e9taient inscrits : tous des mordus de la petite Reine. \u200bSponsoris\u00e9 par la\u00a0Soci\u00e9t\u00e9 OMPR\u00a0(Outillage M\u00e9canique Pr\u00e9cision Ridard), les premiers maillots aux parements rouges sur [&hellip;]\" \/>\n<meta property=\"og:url\" content=\"https:\/\/scmanissieux.com\/index.php\/histoire\/\" \/>\n<meta property=\"og:site_name\" content=\"Sporting Cyclo Manissieux\" \/>\n<meta property=\"article:publisher\" content=\"https:\/\/www.facebook.com\/sc.manissieux.35\/?locale=fr_FR\" \/>\n<meta property=\"article:modified_time\" content=\"2023-06-27T09:17:14+00:00\" \/>\n<meta property=\"og:image\" content=\"http:\/\/scmanissieux.com\/wp-content\/uploads\/2023\/03\/e7bc61_c9363f9e810f4def90ce642c7c09603d_mv2.webp\" \/>\n<meta name=\"twitter:card\" content=\"summary_large_image\" \/>\n<meta name=\"twitter:label1\" content=\"Dur\u00e9e de lecture estim\u00e9e\" \/>\n\t<meta name=\"twitter:data1\" content=\"1 minute\" \/>\n<script type=\"application\/ld+json\" class=\"yoast-schema-graph\">{\"@context\":\"https:\/\/schema.org\",\"@graph\":[{\"@type\":\"WebPage\",\"@id\":\"https:\/\/scmanissieux.com\/index.php\/histoire\/\",\"url\":\"https:\/\/scmanissieux.com\/index.php\/histoire\/\",\"name\":\"Histoire - Sporting Cyclo Manissieux\",\"isPartOf\":{\"@id\":\"https:\/\/scmanissieux.com\/#website\"},\"primaryImageOfPage\":{\"@id\":\"https:\/\/scmanissieux.com\/index.php\/histoire\/#primaryimage\"},\"image\":{\"@id\":\"https:\/\/scmanissieux.com\/index.php\/histoire\/#primaryimage\"},\"thumbnailUrl\":\"http:\/\/scmanissieux.com\/wp-content\/uploads\/2023\/03\/e7bc61_c9363f9e810f4def90ce642c7c09603d_mv2.webp\",\"datePublished\":\"2023-03-18T17:03:13+00:00\",\"dateModified\":\"2023-06-27T09:17:14+00:00\",\"breadcrumb\":{\"@id\":\"https:\/\/scmanissieux.com\/index.php\/histoire\/#breadcrumb\"},\"inLanguage\":\"fr-FR\",\"potentialAction\":[{\"@type\":\"ReadAction\",\"target\":[\"https:\/\/scmanissieux.com\/index.php\/histoire\/\"]}]},{\"@type\":\"ImageObject\",\"inLanguage\":\"fr-FR\",\"@id\":\"https:\/\/scmanissieux.com\/index.php\/histoire\/#primaryimage\",\"url\":\"https:\/\/scmanissieux.com\/wp-content\/uploads\/2023\/03\/e7bc61_c9363f9e810f4def90ce642c7c09603d_mv2.webp\",\"contentUrl\":\"https:\/\/scmanissieux.com\/wp-content\/uploads\/2023\/03\/e7bc61_c9363f9e810f4def90ce642c7c09603d_mv2.webp\",\"width\":446,\"height\":391},{\"@type\":\"BreadcrumbList\",\"@id\":\"https:\/\/scmanissieux.com\/index.php\/histoire\/#breadcrumb\",\"itemListElement\":[{\"@type\":\"ListItem\",\"position\":1,\"name\":\"Accueil\",\"item\":\"https:\/\/scmanissieux.com\/\"},{\"@type\":\"ListItem\",\"position\":2,\"name\":\"Histoire\"}]},{\"@type\":\"WebSite\",\"@id\":\"https:\/\/scmanissieux.com\/#website\",\"url\":\"https:\/\/scmanissieux.com\/\",\"name\":\"Sporting Cyclo Manissieux\",\"description\":\"Il est beau mon v\u00e9lo\",\"publisher\":{\"@id\":\"https:\/\/scmanissieux.com\/#organization\"},\"potentialAction\":[{\"@type\":\"SearchAction\",\"target\":{\"@type\":\"EntryPoint\",\"urlTemplate\":\"https:\/\/scmanissieux.com\/?s={search_term_string}\"},\"query-input\":{\"@type\":\"PropertyValueSpecification\",\"valueRequired\":true,\"valueName\":\"search_term_string\"}}],\"inLanguage\":\"fr-FR\"},{\"@type\":\"Organization\",\"@id\":\"https:\/\/scmanissieux.com\/#organization\",\"name\":\"Sporting Cyclo Manissieux\",\"url\":\"https:\/\/scmanissieux.com\/\",\"logo\":{\"@type\":\"ImageObject\",\"inLanguage\":\"fr-FR\",\"@id\":\"https:\/\/scmanissieux.com\/#\/schema\/logo\/image\/\",\"url\":\"https:\/\/scmanissieux.com\/wp-content\/uploads\/2023\/03\/cropped-logoSCManissieux2-1.webp\",\"contentUrl\":\"https:\/\/scmanissieux.com\/wp-content\/uploads\/2023\/03\/cropped-logoSCManissieux2-1.webp\",\"width\":142,\"height\":112,\"caption\":\"Sporting Cyclo Manissieux\"},\"image\":{\"@id\":\"https:\/\/scmanissieux.com\/#\/schema\/logo\/image\/\"},\"sameAs\":[\"https:\/\/www.facebook.com\/sc.manissieux.35\/?locale=fr_FR\",\"https:\/\/www.strava.com\/clubs\/sporting-cyclo-manissieux-76142?hl=fr-FR\"]}]}<\/script>\n<!-- \/ Yoast SEO plugin. -->","yoast_head_json":{"title":"Histoire - Sporting Cyclo Manissieux","robots":{"index":"index","follow":"follow","max-snippet":"max-snippet:-1","max-image-preview":"max-image-preview:large","max-video-preview":"max-video-preview:-1"},"canonical":"https:\/\/scmanissieux.com\/index.php\/histoire\/","og_locale":"fr_FR","og_type":"article","og_title":"Histoire - Sporting Cyclo Manissieux","og_description":"Histoire du club En selle depuis 1984 Cr\u00e9e par Pierre Ridard, le 11 octobre 1984, la section cyclo de l&rsquo;A.I.L Manissieux \u00e0 d\u00e9marr\u00e9e en fl\u00e8che.\u00a0En effet au printemps suivant, 24 licenci\u00e9s \u00e9taient inscrits : tous des mordus de la petite Reine. \u200bSponsoris\u00e9 par la\u00a0Soci\u00e9t\u00e9 OMPR\u00a0(Outillage M\u00e9canique Pr\u00e9cision Ridard), les premiers maillots aux parements rouges sur [&hellip;]","og_url":"https:\/\/scmanissieux.com\/index.php\/histoire\/","og_site_name":"Sporting Cyclo Manissieux","article_publisher":"https:\/\/www.facebook.com\/sc.manissieux.35\/?locale=fr_FR","article_modified_time":"2023-06-27T09:17:14+00:00","og_image":[{"url":"http:\/\/scmanissieux.com\/wp-content\/uploads\/2023\/03\/e7bc61_c9363f9e810f4def90ce642c7c09603d_mv2.webp","type":"","width":"","height":""}],"twitter_card":"summary_large_image","twitter_misc":{"Dur\u00e9e de lecture estim\u00e9e":"1 minute"},"schema":{"@context":"https:\/\/schema.org","@graph":[{"@type":"WebPage","@id":"https:\/\/scmanissieux.com\/index.php\/histoire\/","url":"https:\/\/scmanissieux.com\/index.php\/histoire\/","name":"Histoire - Sporting Cyclo Manissieux","isPartOf":{"@id":"https:\/\/scmanissieux.com\/#website"},"primaryImageOfPage":{"@id":"https:\/\/scmanissieux.com\/index.php\/histoire\/#primaryimage"},"image":{"@id":"https:\/\/scmanissieux.com\/index.php\/histoire\/#primaryimage"},"thumbnailUrl":"http:\/\/scmanissieux.com\/wp-content\/uploads\/2023\/03\/e7bc61_c9363f9e810f4def90ce642c7c09603d_mv2.webp","datePublished":"2023-03-18T17:03:13+00:00","dateModified":"2023-06-27T09:17:14+00:00","breadcrumb":{"@id":"https:\/\/scmanissieux.com\/index.php\/histoire\/#breadcrumb"},"inLanguage":"fr-FR","potentialAction":[{"@type":"ReadAction","target":["https:\/\/scmanissieux.com\/index.php\/histoire\/"]}]},{"@type":"ImageObject","inLanguage":"fr-FR","@id":"https:\/\/scmanissieux.com\/index.php\/histoire\/#primaryimage","url":"https:\/\/scmanissieux.com\/wp-content\/uploads\/2023\/03\/e7bc61_c9363f9e810f4def90ce642c7c09603d_mv2.webp","contentUrl":"https:\/\/scmanissieux.com\/wp-content\/uploads\/2023\/03\/e7bc61_c9363f9e810f4def90ce642c7c09603d_mv2.webp","width":446,"height":391},{"@type":"BreadcrumbList","@id":"https:\/\/scmanissieux.com\/index.php\/histoire\/#breadcrumb","itemListElement":[{"@type":"ListItem","position":1,"name":"Accueil","item":"https:\/\/scmanissieux.com\/"},{"@type":"ListItem","position":2,"name":"Histoire"}]},{"@type":"WebSite","@id":"https:\/\/scmanissieux.com\/#website","url":"https:\/\/scmanissieux.com\/","name":"Sporting Cyclo Manissieux","description":"Il est beau mon v\u00e9lo","publisher":{"@id":"https:\/\/scmanissieux.com\/#organization"},"potentialAction":[{"@type":"SearchAction","target":{"@type":"EntryPoint","urlTemplate":"https:\/\/scmanissieux.com\/?s={search_term_string}"},"query-input":{"@type":"PropertyValueSpecification","valueRequired":true,"valueName":"search_term_string"}}],"inLanguage":"fr-FR"},{"@type":"Organization","@id":"https:\/\/scmanissieux.com\/#organization","name":"Sporting Cyclo Manissieux","url":"https:\/\/scmanissieux.com\/","logo":{"@type":"ImageObject","inLanguage":"fr-FR","@id":"https:\/\/scmanissieux.com\/#\/schema\/logo\/image\/","url":"https:\/\/scmanissieux.com\/wp-content\/uploads\/2023\/03\/cropped-logoSCManissieux2-1.webp","contentUrl":"https:\/\/scmanissieux.com\/wp-content\/uploads\/2023\/03\/cropped-logoSCManissieux2-1.webp","width":142,"height":112,"caption":"Sporting Cyclo Manissieux"},"image":{"@id":"https:\/\/scmanissieux.com\/#\/schema\/logo\/image\/"},"sameAs":["https:\/\/www.facebook.com\/sc.manissieux.35\/?locale=fr_FR","https:\/\/www.strava.com\/clubs\/sporting-cyclo-manissieux-76142?hl=fr-FR"]}]}},"_links":{"self":[{"href":"https:\/\/scmanissieux.com\/index.php\/wp-json\/wp\/v2\/pages\/15","targetHints":{"allow":["GET"]}}],"collection":[{"href":"https:\/\/scmanissieux.com\/index.php\/wp-json\/wp\/v2\/pages"}],"about":[{"href":"https:\/\/scmanissieux.com\/index.php\/wp-json\/wp\/v2\/types\/page"}],"author":[{"embeddable":true,"href":"https:\/\/scmanissieux.com\/index.php\/wp-json\/wp\/v2\/users\/1"}],"replies":[{"embeddable":true,"href":"https:\/\/scmanissieux.com\/index.php\/wp-json\/wp\/v2\/comments?post=15"}],"version-history":[{"count":16,"href":"https:\/\/scmanissieux.com\/index.php\/wp-json\/wp\/v2\/pages\/15\/revisions"}],"predecessor-version":[{"id":1577,"href":"https:\/\/scmanissieux.com\/index.php\/wp-json\/wp\/v2\/pages\/15\/revisions\/1577"}],"wp:attachment":[{"href":"https:\/\/scmanissieux.com\/index.php\/wp-json\/wp\/v2\/media?parent=15"}],"curies":[{"name":"wp","href":"https:\/\/api.w.org\/{rel}","templated":true}]}}